{"id":191317,"date":"2026-01-14T07:42:21","date_gmt":"2026-01-14T12:42:21","guid":{"rendered":"https:\/\/innowise.com\/?page_id=191317"},"modified":"2026-02-19T04:59:36","modified_gmt":"2026-02-19T09:59:36","slug":"imprint","status":"publish","type":"page","link":"https:\/\/innowise.com\/pt\/imprint\/","title":{"rendered":"Impress\u00e3o"},"content":{"rendered":"<div data-elementor-type=\"wp-page\" data-elementor-id=\"191317\" class=\"elementor elementor-191317\">\n\t\t\t\t<div class=\"elementor-element elementor-element-ba9b68a e-flex e-con-boxed e-con e-parent\" data-id=\"ba9b68a\" data-element_type=\"container\" data-settings=\"{&quot;background_background&quot;:&quot;classic&quot;}\">\n\t\t\t\t\t<div class=\"e-con-inner\">\n\t\t\t\t<div class=\"elementor-element elementor-element-c420487 elementor-widget elementor-widget-heading\" data-id=\"c420487\" data-element_type=\"widget\" data-widget_type=\"heading.default\">\n\t\t\t\t<div class=\"elementor-widget-container\">\n\t\t\t\t\t<h1 class=\"elementor-heading-title elementor-size-default\">Impress\u00e3o<\/h1>\t\t\t\t<\/div>\n\t\t\t\t<\/div>\n\t\t\t\t\t<\/div>\n\t\t\t\t<\/div>\n\t\t<div class=\"elementor-element elementor-element-c94e101 e-grid red-links e-con-boxed e-con e-parent\" data-id=\"c94e101\" data-element_type=\"container\">\n\t\t\t\t\t<div class=\"e-con-inner\">\n\t\t\t\t<div class=\"elementor-element elementor-element-5eb62a5 elementor-widget elementor-widget-html\" data-id=\"5eb62a5\" data-element_type=\"widget\" data-widget_type=\"html.default\">\n\t\t\t\t<div class=\"elementor-widget-container\">\n\t\t\t\t\t<style>\n    .addr-info-container {\n        width: 100%;\n        height: 100%;\n        \n        max-width: 720px;\n        \n        background-color: #F5F5F7;\n        color: #2e2e2e;\n        \n        display: flex;\n        flex-direction: column;\n        \n        gap: 40px;\n        \n        padding: 60px;\n    }\n    \n    .addr-info-container:lang(de) * {\n        hyphens: normal;\n    }\n    \n    .addr-info-container > h3 {\n        font-family: Sora;\n        font-weight: 400;\n        font-size: 30px;\n        line-height: 46px;\n        letter-spacing: 0%;\n        \n        margin: 0;\n        padding: 0;\n    }\n    \n    .addr-info-grid {\n        display: grid;\n        grid-template-columns: 250px 1fr;\n        column-gap: 20px;\n        row-gap: 16px;\n    }\n    .addr-info-grid.addr-info-grid--alt {\n        column-gap: 12px;\n    }\n    \n    .addr-info-grid__key {\n        font-family: Karla;\n        font-weight: 600;\n        font-size: 22px;\n        line-height: 28px;\n        letter-spacing: 0%;\n        \n        margin: 0;\n    }\n    \n    .addr-info-grid__value {\n        font-family: Karla;\n        font-weight: 400;\n        font-size: 22px;\n        line-height: 28px;\n        letter-spacing: 0%;\n        \n        margin: 0;\n    }\n    \n    @media (max-width:1279px) {\n        .addr-info-grid.addr-info-grid--alt {\n            column-gap: 20px;\n        }\n        \n        \n        .addr-info-container > h3 {\n            font-size: 30px;\n            line-height: 38px;\n        }\n    \n    }\n    \n    @media (max-width:767px) {\n\n        .addr-info-container {\n            gap: 24px;\n            padding-top: 30px;\n            padding-right: 20px;\n            padding-bottom: 30px;\n            padding-left: 20px;\n        }\n        \n        .addr-info-container > h3 {\n            font-size: 20px;\n            line-height: 25px;\n        }\n        \n        .addr-info-grid, .addr-info-grid.addr-info-grid--alt {\n                grid-template-columns: 140px 1fr;\n                \n                gap: 10px;\n        }\n    \n    \n        .addr-info-grid__key, .addr-info-grid__value {\n            font-size: 14px;\n            line-height: 150%;\n        }\n    }\n<\/style>\n\n<div class=\"addr-info-container\">\n    <h3>Innowise Deutschland GmbH<\/h3>\n    <div class=\"addr-info-grid\">\n        <p class=\"addr-info-grid__key\">Endere\u00e7o:<\/p>\n        <p class=\"addr-info-grid__value\">Leopoldstra\u00dfe 31, 80802, M\u00fcnchen<\/p>\n        \n        <p class=\"addr-info-grid__key\">N\u00famero de registo comercial:<\/p>\n        <p class=\"addr-info-grid__value\">HRB 275578<\/p>\n        \n        <p class=\"addr-info-grid__key\">Tribunal de registo:<\/p>\n        <p class=\"addr-info-grid__value\">HR Amtsgericht M\u00fcnchen<\/p>\n        \n        <p class=\"addr-info-grid__key\">Reg. IVA N\u00e3o.:<\/p>\n        <p class=\"addr-info-grid__value\">DE354678690<\/p>\n    <\/div>\n    \n    <div class=\"addr-info-grid\">\n        <p class=\"addr-info-grid__key\">Telefone:<\/p>\n        <p class=\"addr-info-grid__value\">+49 30 520 158 80<\/p>\n        \n        <p class=\"addr-info-grid__key\">Correio eletr\u00f3nico:<\/p>\n        <p class=\"addr-info-grid__value\"><a href=\"mailto:contact@innowise.com\">contact@innowise.com<\/a><\/p>\n        \n        <p class=\"addr-info-grid__key\">Web:<\/p>\n        <p class=\"addr-info-grid__value\"><a href=\"https:\/\/innowise.com\/pt\/\">innowise.com<\/a><\/p>\n    <\/div>\n<\/div>\t\t\t\t<\/div>\n\t\t\t\t<\/div>\n\t\t<div class=\"elementor-element elementor-element-29af4ad e-con-full e-flex e-con e-child\" data-id=\"29af4ad\" data-element_type=\"container\">\n\t\t<div class=\"elementor-element elementor-element-f2da87f e-con-full e-flex e-con e-child\" data-id=\"f2da87f\" data-element_type=\"container\">\n\t\t\t\t<div class=\"elementor-element elementor-element-0620240 elementor-widget elementor-widget-heading\" data-id=\"0620240\" data-element_type=\"widget\" data-widget_type=\"heading.default\">\n\t\t\t\t<div class=\"elementor-widget-container\">\n\t\t\t\t\t<h3 class=\"elementor-heading-title elementor-size-default\">Nota de responsabilidade:<\/h3>\t\t\t\t<\/div>\n\t\t\t\t<\/div>\n\t\t\t\t<div class=\"elementor-element elementor-element-0fdc0f7 last-child-mb0 elementor-widget elementor-widget-text-editor\" data-id=\"0fdc0f7\" data-element_type=\"widget\" data-widget_type=\"text-editor.default\">\n\t\t\t\t<div class=\"elementor-widget-container\">\n\t\t\t\t\t\t\t\t\t<p>Apesar de um controlo cuidadoso, n\u00e3o assumimos qualquer responsabilidade pelo conte\u00fado das liga\u00e7\u00f5es externas. Os operadores s\u00e3o os \u00fanicos respons\u00e1veis pelo conte\u00fado dos s\u00edtios ligados.<\/p>\t\t\t\t\t\t\t\t<\/div>\n\t\t\t\t<\/div>\n\t\t\t\t<\/div>\n\t\t\t\t<div class=\"elementor-element elementor-element-7e3aaac last-child-mb0 elementor-widget elementor-widget-text-editor\" data-id=\"7e3aaac\" data-element_type=\"widget\" data-widget_type=\"text-editor.default\">\n\t\t\t\t<div class=\"elementor-widget-container\">\n\t\t\t\t\t\t\t\t\t<p>Se tiver quaisquer perguntas ou coment\u00e1rios sobre o s\u00edtio Web Innowise, envie um e-mail para <a href=\"mailto:contact@innowise.com\">contact@innowise.com<\/a>.<\/p>\t\t\t\t\t\t\t\t<\/div>\n\t\t\t\t<\/div>\n\t\t\t\t<\/div>\n\t\t\t\t\t<\/div>\n\t\t\t\t<\/div>\n\t\t\t\t<\/div>","protected":false},"excerpt":{"rendered":"<p>Imprint Innowise Deutschland GmbH Address: Leopoldstra\u00dfe 31, 80802, M\u00fcnchen Commercial Register Number: HRB 275578 Registration Court: HR Amtsgericht M\u00fcnchen VAT Reg. No.: DE354678690 Phone: +49 30 520 158 80 Email: contact@innowise.com Web: innowise.com Liability Note: Despite careful control we assume no liability for the content of external links. For the content of linked sites the [&hellip;]<\/p>\n","protected":false},"author":1,"featured_media":189947,"parent":0,"menu_order":0,"comment_status":"closed","ping_status":"closed","template":"elementor_header_footer","meta":{"_acf_changed":false,"inline_featured_image":false,"footnotes":""},"class_list":["post-191317","page","type-page","status-publish","has-post-thumbnail","hentry"],"acf":[],"_links":{"self":[{"href":"https:\/\/innowise.com\/pt\/wp-json\/wp\/v2\/pages\/191317","targetHints":{"allow":["GET"]}}],"collection":[{"href":"https:\/\/innowise.com\/pt\/wp-json\/wp\/v2\/pages"}],"about":[{"href":"https:\/\/innowise.com\/pt\/wp-json\/wp\/v2\/types\/page"}],"author":[{"embeddable":true,"href":"https:\/\/innowise.com\/pt\/wp-json\/wp\/v2\/users\/1"}],"replies":[{"embeddable":true,"href":"https:\/\/innowise.com\/pt\/wp-json\/wp\/v2\/comments?post=191317"}],"version-history":[{"count":0,"href":"https:\/\/innowise.com\/pt\/wp-json\/wp\/v2\/pages\/191317\/revisions"}],"wp:featuredmedia":[{"embeddable":true,"href":"https:\/\/innowise.com\/pt\/wp-json\/wp\/v2\/media\/189947"}],"wp:attachment":[{"href":"https:\/\/innowise.com\/pt\/wp-json\/wp\/v2\/media?parent=191317"}],"curies":[{"name":"wp","href":"https:\/\/api.w.org\/{rel}","templated":true}]}}