{"id":118235,"date":"2023-07-14T14:01:19","date_gmt":"2023-07-14T11:01:19","guid":{"rendered":"https:\/\/innowise.com\/?page_id=118235"},"modified":"2025-07-23T05:11:28","modified_gmt":"2025-07-23T09:11:28","slug":"confirmed-page","status":"publish","type":"page","link":"https:\/\/innowise.com\/fr\/confirmed-page\/","title":{"rendered":"Confirm\u00e9"},"content":{"rendered":"\t\t<div data-elementor-type=\"wp-page\" data-elementor-id=\"118235\" class=\"elementor elementor-118235\">\n\t\t\t\t\t\t<section class=\"elementor-section elementor-top-section elementor-element elementor-element-ef7069a elementor-section-full_width elementor-section-height-default elementor-section-height-default\" data-id=\"ef7069a\" data-element_type=\"section\">\n\t\t\t\t\t\t<div class=\"elementor-container elementor-column-gap-no\">\n\t\t\t\t\t<div class=\"elementor-column elementor-col-100 elementor-top-column elementor-element elementor-element-e77beb2\" data-id=\"e77beb2\" data-element_type=\"column\">\n\t\t\t<div class=\"elementor-widget-wrap elementor-element-populated\">\n\t\t\t\t\t\t<div class=\"elementor-element elementor-element-d2adb9e elementor-widget elementor-widget-html\" data-id=\"d2adb9e\" data-element_type=\"widget\" data-widget_type=\"html.default\">\n\t\t\t\t<div class=\"elementor-widget-container\">\n\t\t\t\t\t<div class=\"container\">\n\n\n<div class=\"container-header\">\n    \n<h1>Confirmed<\/h1>\n\n<p>You have successfully scheduled a meeting with Innowise. A calendar invitation has been sent to your email address.\n<\/p>\n\n<div class=\"Confirmed-list\">\n    \n<p>In the meantime, you can:<\/p>\n<ul>\n<li>Explore our <a href=\"https:\/\/innowise.com\/cases\/\">case studies<\/a> for valuable insights.<\/li>\n<li>Read <a href=\"https:\/\/innowise.com\/blog\/\">our blog<\/a> for software development trends and tips.<\/li>\n<li>Follow Innowise on <a target=\"_blank\" href=\"https:\/\/www.linkedin.com\/company\/innowise-group\/\" rel=\"nofollow\">LinkedIn<\/a> for updates.<\/li>\n <\/ul>\n    \n<\/div>\n\n<\/div>\n\n<svg class=\"animated-lines\" version=\"1.1\" xmlns=\"http:\/\/www.w3.org\/2000\/svg\" viewBox=\"0 0 200 120\"><\/svg>\n<\/div>\n\n\n<script>\nvar svgEl = document.querySelector('.animated-lines');\n\nvar randomRange = function(min, max) {\n  return ~~(Math.random() * (max - min + 1)) + min\n};\n\nvar numberOfLines = 20,\n  lineDataArr = [];\n\nvar createPathString = function() {\n\n  var completedPath = '',\n    comma = ',',\n    ampl = 50; \/\/ pixel range from 0, aka how deeply they bend\n\n  for (var i = 0; i < numberOfLines; i++) {\n\n    var path = lineDataArr[i];\n\n    var current = {\n      x: ampl * Math.sin(path.counter \/ path.sin),\n      y: ampl * Math.cos(path.counter \/ path.cos)\n    };\n\n    var newPathSection = 'M' +\n      \/\/ starting point\n      path.startX +\n      comma +\n      path.startY +\n      \/\/ quadratic control point\n      ' Q' +\n      path.pointX +\n      comma +\n      (current.y * 1.5).toFixed(3) + \/\/ 1.5 to amp up the bend a little\n      \/\/ center point intersection\n      ' ' +\n      ((current.x) \/ 10 + path.centerX).toFixed(3) +\n      comma +\n      ((current.y) \/ 5 + path.centerY).toFixed(3) +\n      \/\/ end point with quadratic reflection (T) (so the bottom right mirrors the top left)\n      ' T' +\n      path.endX +\n      comma +\n      path.endY;\n    path.counter++;\n\n    completedPath += newPathSection;\n\n  };\n\n  return completedPath;\n\n};\n\nvar createLines = function() {\n\n  var newPathEl = document.createElementNS('http:\/\/www.w3.org\/2000\/svg', 'path'),\n    \/\/ higher is slower\n    minSpeed = 300,\n    maxSpeed = 420;\n\n  \/\/ create an arr which contains objects for all lines\n  \/\/ createPathString() will use this array\n  for (var i = 0; i < numberOfLines; i++) {\n\n    var lineDataObj = {\n      counter: randomRange(1, 500), \/\/ a broad counter range ensures lines start at different cycles (will look more random)\n      startX: randomRange(-5, -40),\n      startY: randomRange(-5, -30),\n      endX: randomRange(200, 220), \/\/ viewbox = 200\n      endY: randomRange(120, 140), \/\/ viewbox = 120\n      sin: randomRange(minSpeed, maxSpeed),\n      cos: randomRange(minSpeed, maxSpeed),\n      pointX: randomRange(30, 55),\n      centerX: randomRange(90, 120),\n      centerY: randomRange(60, 70)\n    }\n\n    lineDataArr.push(lineDataObj)\n\n  }\n\n  var animLoop = function() {\n    newPathEl.setAttribute('d', createPathString());\n    requestAnimationFrame(animLoop);\n  }\n\n  \/\/ once the path elements are created, start the animation loop\n  svgEl.appendChild(newPathEl);\n  animLoop();\n\n};\n\ncreateLines();\n\t\n\n<\/script>\t\t\t\t<\/div>\n\t\t\t\t<\/div>\n\t\t\t\t\t<\/div>\n\t\t<\/div>\n\t\t\t\t\t<\/div>\n\t\t<\/section>\n\t\t\t\t<\/div>\n\t\t","protected":false},"excerpt":{"rendered":"<p>Confirm\u00e9 Vous avez planifi\u00e9 avec succ\u00e8s une r\u00e9union avec Innowise. Une invitation au calendrier a \u00e9t\u00e9 envoy\u00e9e \u00e0 votre adresse \u00e9lectronique. Entre-temps, vous pouvez Explorer nos \u00e9tudes de cas pour obtenir des informations pr\u00e9cieuses. Lire notre blog pour conna\u00eetre les tendances et les conseils en mati\u00e8re de d\u00e9veloppement de logiciels. Suivre Innowise sur LinkedIn pour des mises \u00e0 jour.<\/p>","protected":false},"author":1,"featured_media":0,"parent":0,"menu_order":0,"comment_status":"closed","ping_status":"closed","template":"elementor_header_footer","meta":{"_acf_changed":false,"inline_featured_image":false,"footnotes":""},"class_list":["post-118235","page","type-page","status-publish","hentry"],"acf":[],"_links":{"self":[{"href":"https:\/\/innowise.com\/fr\/wp-json\/wp\/v2\/pages\/118235","targetHints":{"allow":["GET"]}}],"collection":[{"href":"https:\/\/innowise.com\/fr\/wp-json\/wp\/v2\/pages"}],"about":[{"href":"https:\/\/innowise.com\/fr\/wp-json\/wp\/v2\/types\/page"}],"author":[{"embeddable":true,"href":"https:\/\/innowise.com\/fr\/wp-json\/wp\/v2\/users\/1"}],"replies":[{"embeddable":true,"href":"https:\/\/innowise.com\/fr\/wp-json\/wp\/v2\/comments?post=118235"}],"version-history":[{"count":0,"href":"https:\/\/innowise.com\/fr\/wp-json\/wp\/v2\/pages\/118235\/revisions"}],"wp:attachment":[{"href":"https:\/\/innowise.com\/fr\/wp-json\/wp\/v2\/media?parent=118235"}],"curies":[{"name":"wp","href":"https:\/\/api.w.org\/{rel}","templated":true}]}}